{"id":6682,"date":"2018-11-27T10:03:47","date_gmt":"2018-11-27T10:03:47","guid":{"rendered":"https:\/\/digi-build.eu\/noticias-2\/"},"modified":"2024-12-10T07:58:53","modified_gmt":"2024-12-10T07:58:53","slug":"noticias-2","status":"publish","type":"page","link":"https:\/\/digi-build.eu\/es\/noticias-2\/","title":{"rendered":"Noticias"},"content":{"rendered":"<div class=\"wpb-content-wrapper\"><p>[vc_row full_width=\u00bbstretch_row\u00bb css=\u00bb.vc_custom_1549878465278{padding-top: 100px !important;padding-bottom: 120px !important;}\u00bb][vc_column][vc_row_inner][vc_column_inner]<div class=\"section-title-wrapper margin-bottom-50 text-center shortcode-rand-1 breno-inline-css\" data-css=\"&quot;.shortcode-rand-1 .background-title { font-family:Dancing Script;font-weight:400;font-style:normal }.shortcode-rand-1 .background-title { color: #f0f0f0; }.shortcode-rand-1 .title-wrap { margin: 0 0 30px 0; }.shortcode-rand-1 .title-separator.separator-border,.section-title-wrapper .title-separator.separator-border:after, .section-title-wrapper .title-separator.separator-border:before { background-color: ; }.shortcode-rand-1.section-title-wrapper { color: rgba(0,0,0,0.6); }.shortcode-rand-1 .section-title { color: #151515; text-transform: none; }&quot;\"><div class=\"title-wrap bg-title-enabled\"><h3 class=\"section-title\">Nuestras \u00faltimas noticias<\/h3><span class=\"title-separator separator-border theme-color-bg\"><\/span><\/div><!-- .title-wrap --><div class=\"section-description\">C\u00f3mo los programas de desarrollo de la mano de obra convierten los charcos de talento en reservas de talento , Contratar no es f\u00e1cil. Los empresarios podr\u00edan recibir cientos<\/div><!-- .section-description --><div class=\"button-section\"><\/div><!-- .button-section --><\/div><!-- .section-title-wrapper -->[\/vc_column_inner][\/vc_row_inner][vc_row_inner][vc_column_inner]<div class=\"blog-classic-wrapper shortcode-rand-2 breno-inline-css\" data-css=\"&quot;.shortcode-rand-2.blog-classic-wrapper .blog-grid &gt; *:nth-child(1) { margin-bottom: 40px; }.shortcode-rand-2.blog-classic-wrapper .blog-grid &gt; *:nth-child(2) { margin-bottom: 30px; }.shortcode-rand-2.blog-classic-wrapper .blog-grid &gt; *:nth-child(3) { margin-bottom: 20px; }.shortcode-rand-2.blog-classic-wrapper .blog-grid &gt; *:nth-child(4) { margin-bottom: 40px; }.shortcode-rand-2.blog-classic-wrapper .blog-list &gt; .media &gt; .media-body &gt; *:nth-child(1) { margin-bottom: 30px; }.shortcode-rand-2.blog-classic-wrapper .blog-list &gt; .media &gt; .media-body &gt; *:nth-child(2) { margin-bottom: 15px; }.shortcode-rand-2.blog-classic-wrapper .blog-list &gt; .media &gt; .media-body &gt; *:nth-child(3) { margin-bottom: 35px; }&quot;\"><div class=\"row\"><div class=\"col-md-7 blog-grid\"><div class=\"top-meta clearfix\"><ul class=\"top-meta-list\"><li><div class=\"post-date\"><a href=\"https:\/\/digi-build.eu\/es\/2026\/02\/16\/\" >febrero 16, 2026<\/a><\/div><\/li><\/ul><\/div><div class=\"entry-title\"><h5><a href=\"https:\/\/digi-build.eu\/es\/2026\/02\/16\/primera-sesion-piloto-de-digibuild\/\" class=\"post-title\">Primera sesi\u00f3n piloto de DigiBuild<\/a><\/h5><\/div><!-- .entry-title --><div class=\"post-excerpt\"><p>Adjuntas encontrar\u00e1n las Preguntas y Respuestas de la primera sesi\u00f3n piloto.<\/p>\n<\/div><!-- .post-excerpt --><div class=\"bottom-meta clearfix\"><ul class=\"bottom-meta-list\"><li><div class=\"post-more\"><a class=\"read-more\" href=\"https:\/\/digi-build.eu\/es\/2026\/02\/16\/primera-sesion-piloto-de-digibuild\/\">Seguir leyendo<\/a><\/div><\/li><\/ul><\/div><\/div> <!-- .blog-grid --><div class=\"col-md-5 blog-list\"><div class=\"media\"><div class=\"ml-3 media-body\"><div class=\"top-meta clearfix\"><ul class=\"top-meta-list\"><li><div class=\"post-date\"><a href=\"https:\/\/digi-build.eu\/es\/2025\/12\/23\/\" >diciembre 23, 2025<\/a><\/div><\/li><\/ul><\/div><div class=\"entry-title\"><h6><a href=\"https:\/\/digi-build.eu\/es\/2025\/12\/23\/ya-esta-disponible-el-segundo-boletin-de-digibuild\/\" class=\"post-title\">\u00a1Ya est\u00e1 disponible el segundo bolet\u00edn de DigiBuild!<\/a><\/h6><\/div><!-- .entry-title --><div class=\"post-excerpt\"><p>Puedes acceder a \u00e9l a continuaci\u00f3n.<\/p>\n<\/div><!-- .post-excerpt --><div class=\"bottom-meta clearfix\"><ul class=\"bottom-meta-list\"><li><div class=\"post-more\"><a class=\"read-more\" href=\"https:\/\/digi-build.eu\/es\/2025\/12\/23\/ya-esta-disponible-el-segundo-boletin-de-digibuild\/\">Seguir leyendo<\/a><\/div><\/li><\/ul><\/div><\/div><!-- .media-body --><\/div><!-- .media --><div class=\"media\"><div class=\"ml-3 media-body\"><div class=\"top-meta clearfix\"><ul class=\"top-meta-list\"><li><div class=\"post-date\"><a href=\"https:\/\/digi-build.eu\/es\/2025\/12\/05\/\" >diciembre 5, 2025<\/a><\/div><\/li><\/ul><\/div><div class=\"entry-title\"><h6><a href=\"https:\/\/digi-build.eu\/es\/2025\/12\/05\/lanzamiento-del-programa-de-formacion\/\" class=\"post-title\">Lanzamiento del programa de formaci\u00f3n<\/a><\/h6><\/div><!-- .entry-title --><div class=\"post-excerpt\"><p>Entre enero y abril de 2026 estar\u00e1n disponible en l\u00edneas el programa de formaci\u00f3n que contiene los siguientes<\/p>\n<\/div><!-- .post-excerpt --><div class=\"bottom-meta clearfix\"><ul class=\"bottom-meta-list\"><li><div class=\"post-more\"><a class=\"read-more\" href=\"https:\/\/digi-build.eu\/es\/2025\/12\/05\/lanzamiento-del-programa-de-formacion\/\">Seguir leyendo<\/a><\/div><\/li><\/ul><\/div><\/div><!-- .media-body --><\/div><!-- .media --><\/div> <!-- .blog-list --><\/div> <!-- .row --><\/div><!-- .blog-classic-wrapper -->[\/vc_column_inner][\/vc_row_inner][\/vc_column][\/vc_row]<\/p>\n<\/div>","protected":false},"excerpt":{"rendered":"<p>[vc_row full_width=\u00bbstretch_row\u00bb css=\u00bb.vc_custom_1549878465278{padding-top: 100px !important;padding-bottom: 120px !important;}\u00bb][vc_column][vc_row_inner][vc_column_inner][\/vc_column_inner][\/vc_row_inner][vc_row_inner][vc_column_inner][\/vc_column_inner][\/vc_row_inner][\/vc_column][\/vc_row]<\/p>\n","protected":false},"author":1,"featured_media":0,"parent":0,"menu_order":0,"comment_status":"closed","ping_status":"closed","template":"","meta":{"_monsterinsights_skip_tracking":false,"_monsterinsights_sitenote_active":false,"_monsterinsights_sitenote_note":"","_monsterinsights_sitenote_category":0,"_analytify_skip_tracking":false,"footnotes":""},"class_list":["post-6682","page","type-page","status-publish","hentry"],"jetpack_sharing_enabled":true,"_links":{"self":[{"href":"https:\/\/digi-build.eu\/es\/wp-json\/wp\/v2\/pages\/6682","targetHints":{"allow":["GET"]}}],"collection":[{"href":"https:\/\/digi-build.eu\/es\/wp-json\/wp\/v2\/pages"}],"about":[{"href":"https:\/\/digi-build.eu\/es\/wp-json\/wp\/v2\/types\/page"}],"author":[{"embeddable":true,"href":"https:\/\/digi-build.eu\/es\/wp-json\/wp\/v2\/users\/1"}],"replies":[{"embeddable":true,"href":"https:\/\/digi-build.eu\/es\/wp-json\/wp\/v2\/comments?post=6682"}],"version-history":[{"count":1,"href":"https:\/\/digi-build.eu\/es\/wp-json\/wp\/v2\/pages\/6682\/revisions"}],"predecessor-version":[{"id":6684,"href":"https:\/\/digi-build.eu\/es\/wp-json\/wp\/v2\/pages\/6682\/revisions\/6684"}],"wp:attachment":[{"href":"https:\/\/digi-build.eu\/es\/wp-json\/wp\/v2\/media?parent=6682"}],"curies":[{"name":"wp","href":"https:\/\/api.w.org\/{rel}","templated":true}]}}