{"id":6571,"date":"2019-03-29T12:23:08","date_gmt":"2019-03-29T12:23:08","guid":{"rendered":"https:\/\/digi-build.eu\/resultats\/"},"modified":"2025-07-30T12:50:04","modified_gmt":"2025-07-30T12:50:04","slug":"resultats","status":"publish","type":"page","link":"https:\/\/digi-build.eu\/fr\/resultats\/","title":{"rendered":"R\u00e9sultats"},"content":{"rendered":"<div class=\"wpb-content-wrapper\"><p>[vc_row][vc_column][vc_text_separator title=\u00a0\u00bbR\u00e9sultats\u00a0\u00bb css=\u00a0\u00bb\u00a0\u00bb][\/vc_column][\/vc_row][vc_row full_width=\u00a0\u00bbstretch_row\u00a0\u00bb css=\u00a0\u00bb.vc_custom_1550059176410{padding-bottom: 105px !important;}\u00a0\u00bb][vc_column width=\u00a0\u00bb1\/3&Prime;]<div class=\"feature-box-wrapper feature-box-style-1 shortcode-rand-1 breno-inline-css\" data-css=\"&quot;.shortcode-rand-1.feature-box-wrapper .section-title { color: #000000; }.shortcode-rand-1.feature-box-wrapper { color: #000000; }.shortcode-rand-1.feature-box-wrapper {background: -moz-linear-gradient(141deg,  0%,  51%,  75%);\\r\\n\\t\\t\\t\\tbackground: -webkit-linear-gradient(141deg,  0%,  51%,  75%);\\r\\n\\t\\t\\t\\tbackground: linear-gradient(141deg,  0%,  51%,  75%);}.shortcode-rand-1 .feature-box-icon { font-size: 24px; }.shortcode-rand-1 .feature-box-icon { height: 48px; width: 48px; }.shortcode-rand-1 .feature-box-icon &gt; span { line-height: 2; }&quot;\" ><div class=\"feature-box-thumb\"><img loading=\"lazy\" decoding=\"async\" class=\"img-fluid squared\" src=\"https:\/\/digi-build.eu\/wp-content\/uploads\/2024\/12\/123-1-1.png\" width=\"850\" height=\"451\" alt=\"D2.1 Analyse actuelle du secteur vert\" \/><\/div><!-- .feature-box-thumb --><div class=\"feature-box-title\"><h4 class=\"section-title\">D2.1 Analyse actuelle du secteur vert<\/h4><\/div><!-- .feature-box-title --><div class=\"feature-box-btn\"><a class=\"btn default\" href=\"https:\/\/digi-build.eu\/wp-content\/uploads\/2024\/12\/D2.1-\u2013-Green-sector-current-analysis-1.pdf\" title=\"Read More\">Read More<\/a><\/div><!-- .feature-box-btn --><\/div><!-- .feature-box-wrapper -->[\/vc_column][vc_column width=\u00a0\u00bb1\/3&Prime;]<div class=\"feature-box-wrapper feature-box-style-1 shortcode-rand-2 breno-inline-css\" data-css=\"&quot;.shortcode-rand-2.feature-box-wrapper .section-title { color: #000000; }.shortcode-rand-2.feature-box-wrapper { color: #000000; }.shortcode-rand-2.feature-box-wrapper {background: -moz-linear-gradient(141deg,  0%,  51%,  75%);\\r\\n\\t\\t\\t\\tbackground: -webkit-linear-gradient(141deg,  0%,  51%,  75%);\\r\\n\\t\\t\\t\\tbackground: linear-gradient(141deg,  0%,  51%,  75%);}.shortcode-rand-2 .feature-box-icon { font-size: 24px; }.shortcode-rand-2 .feature-box-icon { height: 48px; width: 48px; }.shortcode-rand-2 .feature-box-icon &gt; span { line-height: 2; }&quot;\" ><div class=\"feature-box-thumb\"><img loading=\"lazy\" decoding=\"async\" class=\"img-fluid squared\" src=\"https:\/\/digi-build.eu\/wp-content\/uploads\/2024\/12\/BLOG2-1-1.jpg\" width=\"850\" height=\"450\" alt=\"D2.2 Rapport sur les r\u00e9sultats des groupes d&#039;experts\" \/><\/div><!-- .feature-box-thumb --><div class=\"feature-box-title\"><h4 class=\"section-title\">D2.2 Rapport sur les r\u00e9sultats des groupes d&#039;experts<\/h4><\/div><!-- .feature-box-title --><div class=\"feature-box-btn\"><a class=\"btn default\" href=\"https:\/\/digi-build.eu\/wp-content\/uploads\/2024\/12\/D2.2-Report-on-experts-groups-result-EN-1.pdf\" title=\"Read More\">Read More<\/a><\/div><!-- .feature-box-btn --><\/div><!-- .feature-box-wrapper -->[\/vc_column][vc_column width=\u00a0\u00bb1\/3&Prime;]<div class=\"feature-box-wrapper feature-box-style-1 shortcode-rand-3 breno-inline-css\" data-css=\"&quot;.shortcode-rand-3.feature-box-wrapper .section-title { color: #000000; }.shortcode-rand-3.feature-box-wrapper { color: #000000; }.shortcode-rand-3.feature-box-wrapper {background: -moz-linear-gradient(141deg,  0%,  51%,  75%);\\r\\n\\t\\t\\t\\tbackground: -webkit-linear-gradient(141deg,  0%,  51%,  75%);\\r\\n\\t\\t\\t\\tbackground: linear-gradient(141deg,  0%,  51%,  75%);}.shortcode-rand-3 .feature-box-icon { font-size: 24px; }.shortcode-rand-3 .feature-box-icon { height: 48px; width: 48px; }.shortcode-rand-3 .feature-box-icon &gt; span { line-height: 2; }&quot;\" ><div class=\"feature-box-thumb\"><img loading=\"lazy\" decoding=\"async\" class=\"img-fluid squared\" src=\"https:\/\/digi-build.eu\/wp-content\/uploads\/2024\/12\/321-1-1.png\" width=\"850\" height=\"450\" alt=\"D2.3 Analyse am\u00e9lior\u00e9e des besoins num\u00e9riques du secteur vert\" \/><\/div><!-- .feature-box-thumb --><div class=\"feature-box-title\"><h4 class=\"section-title\">D2.3 Analyse am\u00e9lior\u00e9e des besoins num\u00e9riques du secteur vert<\/h4><\/div><!-- .feature-box-title --><div class=\"feature-box-btn\"><a class=\"btn default\" href=\"https:\/\/digi-build.eu\/wp-content\/uploads\/2024\/12\/D2.3-Upgraded-Green-sector-digital-needs-analysis_EN-1.pdf\" title=\"Read More\">Read More<\/a><\/div><!-- .feature-box-btn --><\/div><!-- .feature-box-wrapper -->[\/vc_column][\/vc_row][vc_row full_width=\u00a0\u00bbstretch_row\u00a0\u00bb css=\u00a0\u00bb.vc_custom_1550059176410{padding-bottom: 105px !important;}\u00a0\u00bb][vc_column width=\u00a0\u00bb1\/3&Prime;]<div class=\"feature-box-wrapper feature-box-style-1 shortcode-rand-4 breno-inline-css\" data-css=\"&quot;.shortcode-rand-4.feature-box-wrapper .section-title { color: #000000; }.shortcode-rand-4.feature-box-wrapper { color: #000000; }.shortcode-rand-4.feature-box-wrapper {background: -moz-linear-gradient(141deg,  0%,  51%,  75%);\\r\\n\\t\\t\\t\\tbackground: -webkit-linear-gradient(141deg,  0%,  51%,  75%);\\r\\n\\t\\t\\t\\tbackground: linear-gradient(141deg,  0%,  51%,  75%);}.shortcode-rand-4 .feature-box-icon { font-size: 24px; }.shortcode-rand-4 .feature-box-icon { height: 48px; width: 48px; }.shortcode-rand-4 .feature-box-icon &gt; span { line-height: 2; }&quot;\" ><div class=\"feature-box-thumb\"><img loading=\"lazy\" decoding=\"async\" class=\"img-fluid squared\" src=\"https:\/\/digi-build.eu\/wp-content\/uploads\/2024\/12\/pexels-tirachard-kumtanom-733852-scaled-1-1.jpg\" width=\"2560\" height=\"1709\" alt=\"D2.4 Manuel\" \/><\/div><!-- .feature-box-thumb --><div class=\"feature-box-title\"><h4 class=\"section-title\">D2.4 Manuel<\/h4><\/div><!-- .feature-box-title --><div class=\"feature-box-btn\"><a class=\"btn default\" href=\"#\" title=\"Read More\">Read More<\/a><\/div><!-- .feature-box-btn --><\/div><!-- .feature-box-wrapper -->[\/vc_column][vc_column width=\u00a0\u00bb1\/3&Prime;]<div class=\"feature-box-wrapper feature-box-style-1 shortcode-rand-5 breno-inline-css\" data-css=\"&quot;.shortcode-rand-5.feature-box-wrapper .section-title { color: #000000; }.shortcode-rand-5.feature-box-wrapper { color: #000000; }.shortcode-rand-5.feature-box-wrapper {background: -moz-linear-gradient(141deg,  0%,  51%,  75%);\\r\\n\\t\\t\\t\\tbackground: -webkit-linear-gradient(141deg,  0%,  51%,  75%);\\r\\n\\t\\t\\t\\tbackground: linear-gradient(141deg,  0%,  51%,  75%);}.shortcode-rand-5 .feature-box-icon { font-size: 24px; }.shortcode-rand-5 .feature-box-icon { height: 48px; width: 48px; }.shortcode-rand-5 .feature-box-icon &gt; span { line-height: 2; }&quot;\" ><div class=\"feature-box-thumb\"><img loading=\"lazy\" decoding=\"async\" class=\"img-fluid squared\" src=\"https:\/\/digi-build.eu\/wp-content\/uploads\/2024\/12\/312-1-1.png\" width=\"1339\" height=\"754\" alt=\"D3.1 Rapport\/Liste du mat\u00e9riel, des outils, des m\u00e9thodes et des ressources.\" \/><\/div><!-- .feature-box-thumb --><div class=\"feature-box-title\"><h4 class=\"section-title\">D3.1 Rapport\/Liste du mat\u00e9riel, des outils, des m\u00e9thodes et des ressources.<\/h4><\/div><!-- .feature-box-title --><div class=\"feature-box-btn\"><a class=\"btn default\" href=\"https:\/\/digi-build.eu\/wp-content\/uploads\/2024\/12\/D2.2-Report-on-experts-groups-result-EN-1.pdf\" title=\"Read More\">Read More<\/a><\/div><!-- .feature-box-btn --><\/div><!-- .feature-box-wrapper -->[\/vc_column][vc_column width=\u00a0\u00bb1\/3&Prime;]<div class=\"feature-box-wrapper feature-box-style-1 shortcode-rand-6 breno-inline-css\" data-css=\"&quot;.shortcode-rand-6.feature-box-wrapper .section-title { color: #000000; }.shortcode-rand-6.feature-box-wrapper { color: #000000; }.shortcode-rand-6.feature-box-wrapper {background: -moz-linear-gradient(141deg,  0%,  51%,  75%);\\r\\n\\t\\t\\t\\tbackground: -webkit-linear-gradient(141deg,  0%,  51%,  75%);\\r\\n\\t\\t\\t\\tbackground: linear-gradient(141deg,  0%,  51%,  75%);}.shortcode-rand-6 .feature-box-icon { font-size: 24px; }.shortcode-rand-6 .feature-box-icon { height: 48px; width: 48px; }.shortcode-rand-6 .feature-box-icon &gt; span { line-height: 2; }&quot;\" ><div class=\"feature-box-thumb\"><img loading=\"lazy\" decoding=\"async\" class=\"img-fluid squared\" src=\"https:\/\/digi-build.eu\/wp-content\/uploads\/2024\/12\/1234-1-1.png\" width=\"410\" height=\"281\" alt=\"D3.2 Programme de formation pour le d\u00e9veloppement des ressources num\u00e9riques de microapprentissage.\" \/><\/div><!-- .feature-box-thumb --><div class=\"feature-box-title\"><h4 class=\"section-title\">D3.2 Programme de formation pour le d\u00e9veloppement des ressources num\u00e9riques de microapprentissage.<\/h4><\/div><!-- .feature-box-title --><div class=\"feature-box-btn\"><a class=\"btn default\" href=\"https:\/\/digi-build.eu\/wp-content\/uploads\/2025\/07\/D3.2-Programa-de-formacion-para-el-desarrollo-de-recursos-digitales-de-microaprendizaje.pdf\" title=\"Read More\">Read More<\/a><\/div><!-- .feature-box-btn --><\/div><!-- .feature-box-wrapper -->[\/vc_column][\/vc_row][vc_row full_width=\u00a0\u00bbstretch_row\u00a0\u00bb css=\u00a0\u00bb.vc_custom_1550059176410{padding-bottom: 105px !important;}\u00a0\u00bb][vc_column width=\u00a0\u00bb1\/3&Prime;]<div class=\"feature-box-wrapper feature-box-style-1 shortcode-rand-7 breno-inline-css\" data-css=\"&quot;.shortcode-rand-7.feature-box-wrapper .section-title { color: #000000; }.shortcode-rand-7.feature-box-wrapper { color: #000000; }.shortcode-rand-7.feature-box-wrapper {background: -moz-linear-gradient(141deg,  0%,  51%,  75%);\\r\\n\\t\\t\\t\\tbackground: -webkit-linear-gradient(141deg,  0%,  51%,  75%);\\r\\n\\t\\t\\t\\tbackground: linear-gradient(141deg,  0%,  51%,  75%);}.shortcode-rand-7 .feature-box-icon { font-size: 24px; }.shortcode-rand-7 .feature-box-icon { height: 48px; width: 48px; }.shortcode-rand-7 .feature-box-icon &gt; span { line-height: 2; }&quot;\" ><div class=\"feature-box-thumb\"><img loading=\"lazy\" decoding=\"async\" class=\"img-fluid squared\" src=\"https:\/\/digi-build.eu\/wp-content\/uploads\/2024\/12\/pexels-george-milton-7014337-scaled-1-1.jpg\" width=\"2560\" height=\"1707\" alt=\"D3.3 Environnement d&#039;apprentissage virtuel\" \/><\/div><!-- .feature-box-thumb --><div class=\"feature-box-title\"><h4 class=\"section-title\">D3.3 Environnement d&#039;apprentissage virtuel<\/h4><\/div><!-- .feature-box-title --><div class=\"feature-box-btn\"><a class=\"btn default\" href=\"#\" title=\"Read More\">Read More<\/a><\/div><!-- .feature-box-btn --><\/div><!-- .feature-box-wrapper -->[\/vc_column][vc_column width=\u00a0\u00bb1\/3&Prime;]<div class=\"feature-box-wrapper feature-box-style-1 shortcode-rand-8 breno-inline-css\" data-css=\"&quot;.shortcode-rand-8.feature-box-wrapper .section-title { color: #000000; }.shortcode-rand-8.feature-box-wrapper { color: #000000; }.shortcode-rand-8.feature-box-wrapper {background: -moz-linear-gradient(141deg,  0%,  51%,  75%);\\r\\n\\t\\t\\t\\tbackground: -webkit-linear-gradient(141deg,  0%,  51%,  75%);\\r\\n\\t\\t\\t\\tbackground: linear-gradient(141deg,  0%,  51%,  75%);}.shortcode-rand-8 .feature-box-icon { font-size: 24px; }.shortcode-rand-8 .feature-box-icon { height: 48px; width: 48px; }.shortcode-rand-8 .feature-box-icon &gt; span { line-height: 2; }&quot;\" ><div class=\"feature-box-thumb\"><img loading=\"lazy\" decoding=\"async\" class=\"img-fluid squared\" src=\"https:\/\/digi-build.eu\/wp-content\/uploads\/2024\/12\/pexels-negative-space-34069-scaled-1-1.jpg\" width=\"2560\" height=\"1707\" alt=\"D3.4 Nouveau cadre mis \u00e0 jour\" \/><\/div><!-- .feature-box-thumb --><div class=\"feature-box-title\"><h4 class=\"section-title\">D3.4 Nouveau cadre mis \u00e0 jour<\/h4><\/div><!-- .feature-box-title --><div class=\"feature-box-btn\"><a class=\"btn default\" href=\"#\" title=\"Read More\">Read More<\/a><\/div><!-- .feature-box-btn --><\/div><!-- .feature-box-wrapper -->[\/vc_column][vc_column width=\u00a0\u00bb1\/3&Prime;]<div class=\"feature-box-wrapper feature-box-style-1 shortcode-rand-9 breno-inline-css\" data-css=\"&quot;.shortcode-rand-9.feature-box-wrapper .section-title { color: #000000; }.shortcode-rand-9.feature-box-wrapper { color: #000000; }.shortcode-rand-9.feature-box-wrapper {background: -moz-linear-gradient(141deg,  0%,  51%,  75%);\\r\\n\\t\\t\\t\\tbackground: -webkit-linear-gradient(141deg,  0%,  51%,  75%);\\r\\n\\t\\t\\t\\tbackground: linear-gradient(141deg,  0%,  51%,  75%);}.shortcode-rand-9 .feature-box-icon { font-size: 24px; }.shortcode-rand-9 .feature-box-icon { height: 48px; width: 48px; }.shortcode-rand-9 .feature-box-icon &gt; span { line-height: 2; }&quot;\" ><div class=\"feature-box-thumb\"><img loading=\"lazy\" decoding=\"async\" class=\"img-fluid squared\" src=\"https:\/\/digi-build.eu\/wp-content\/uploads\/2024\/12\/pexels-pixabay-163066-scaled-1-1.jpg\" width=\"2560\" height=\"1707\" alt=\"D4.2 Plans d&#039;action des EFP\" \/><\/div><!-- .feature-box-thumb --><div class=\"feature-box-title\"><h4 class=\"section-title\">D4.2 Plans d&#039;action des EFP<\/h4><\/div><!-- .feature-box-title --><div class=\"feature-box-btn\"><a class=\"btn default\" href=\"#\" title=\"Read More\">Read More<\/a><\/div><!-- .feature-box-btn --><\/div><!-- .feature-box-wrapper -->[\/vc_column][\/vc_row]<\/p>\n<\/div>","protected":false},"excerpt":{"rendered":"<p>[vc_row][vc_column][vc_text_separator title=\u00a0\u00bbR\u00e9sultats\u00a0\u00bb css=\u00a0\u00bb\u00a0\u00bb][\/vc_column][\/vc_row][vc_row full_width=\u00a0\u00bbstretch_row\u00a0\u00bb css=\u00a0\u00bb.vc_custom_1550059176410{padding-bottom: 105px !important;}\u00a0\u00bb][vc_column width=\u00a0\u00bb1\/3&Prime;][\/vc_column][vc_column width=\u00a0\u00bb1\/3&Prime;][\/vc_column][vc_column width=\u00a0\u00bb1\/3&Prime;][\/vc_column][\/vc_row][vc_row full_width=\u00a0\u00bbstretch_row\u00a0\u00bb css=\u00a0\u00bb.vc_custom_1550059176410{padding-bottom: 105px !important;}\u00a0\u00bb][vc_column width=\u00a0\u00bb1\/3&Prime;][\/vc_column][vc_column width=\u00a0\u00bb1\/3&Prime;][\/vc_column][vc_column width=\u00a0\u00bb1\/3&Prime;][\/vc_column][\/vc_row][vc_row full_width=\u00a0\u00bbstretch_row\u00a0\u00bb css=\u00a0\u00bb.vc_custom_1550059176410{padding-bottom: 105px !important;}\u00a0\u00bb][vc_column width=\u00a0\u00bb1\/3&Prime;][\/vc_column][vc_column width=\u00a0\u00bb1\/3&Prime;][\/vc_column][vc_column width=\u00a0\u00bb1\/3&Prime;][\/vc_column][\/vc_row]<\/p>\n","protected":false},"author":1,"featured_media":0,"parent":0,"menu_order":0,"comment_status":"closed","ping_status":"closed","template":"","meta":{"_monsterinsights_skip_tracking":false,"_monsterinsights_sitenote_active":false,"_monsterinsights_sitenote_note":"","_monsterinsights_sitenote_category":0,"_analytify_skip_tracking":false,"footnotes":""},"class_list":["post-6571","page","type-page","status-publish","hentry"],"jetpack_sharing_enabled":true,"_links":{"self":[{"href":"https:\/\/digi-build.eu\/fr\/wp-json\/wp\/v2\/pages\/6571","targetHints":{"allow":["GET"]}}],"collection":[{"href":"https:\/\/digi-build.eu\/fr\/wp-json\/wp\/v2\/pages"}],"about":[{"href":"https:\/\/digi-build.eu\/fr\/wp-json\/wp\/v2\/types\/page"}],"author":[{"embeddable":true,"href":"https:\/\/digi-build.eu\/fr\/wp-json\/wp\/v2\/users\/1"}],"replies":[{"embeddable":true,"href":"https:\/\/digi-build.eu\/fr\/wp-json\/wp\/v2\/comments?post=6571"}],"version-history":[{"count":1,"href":"https:\/\/digi-build.eu\/fr\/wp-json\/wp\/v2\/pages\/6571\/revisions"}],"predecessor-version":[{"id":6796,"href":"https:\/\/digi-build.eu\/fr\/wp-json\/wp\/v2\/pages\/6571\/revisions\/6796"}],"wp:attachment":[{"href":"https:\/\/digi-build.eu\/fr\/wp-json\/wp\/v2\/media?parent=6571"}],"curies":[{"name":"wp","href":"https:\/\/api.w.org\/{rel}","templated":true}]}}